{"id":2,"date":"2024-03-13T12:56:07","date_gmt":"2024-03-13T12:56:07","guid":{"rendered":"https:\/\/biesen-ev.de\/?page_id=2"},"modified":"2025-06-17T10:05:52","modified_gmt":"2025-06-17T10:05:52","slug":"sample-page","status":"publish","type":"page","link":"https:\/\/biesen-ev.de\/?page_id=2","title":{"rendered":"\u00dcber uns"},"content":{"rendered":"\n<hr class=\"wp-block-separator has-alpha-channel-opacity is-style-wide\"\/>\n\n\n\n<div class=\"wp-block-columns is-layout-flex wp-container-core-columns-is-layout-9d6595d7 wp-block-columns-is-layout-flex\">\n<div class=\"wp-block-column is-layout-flow wp-block-column-is-layout-flow\" style=\"flex-basis:100%\">\n<figure class=\"wp-block-table aligncenter\"><table class=\"has-fixed-layout\"><tbody><tr><td>u<a href=\"https:\/\/biesen-ev.de\/?page_id=20\" data-type=\"page\" data-id=\"20\">nsere Satzung<\/a><\/td><td><strong><a href=\"https:\/\/biesen-ev.de\/wp-content\/uploads\/2025\/06\/Antrag-auf-Mitgliedschaft.pdf\">werde Mitglied!<\/a><\/strong><\/td><td><a href=\"https:\/\/biesen-ev.de\/?page_id=532\" data-type=\"page\" data-id=\"532\">unser Logo zum Download<\/a><\/td><\/tr><\/tbody><\/table><\/figure>\n<\/div>\n<\/div>\n\n\n\n<hr class=\"wp-block-separator has-alpha-channel-opacity is-style-wide\"\/>\n\n\n\n<p>Herzlich willkommen auf der Internetseite vom Biesen e.V.<\/p>\n\n\n\n<p>Wir m\u00f6chten uns kurz vorstellen.<br>Am 06.05.2019 gr\u00fcndeten wir den Feuerwehrverein Biesen e.V., um die Kameradinnen und Kameraden der Freiwilligen Feuerwehr Biesen sowie die  Angeh\u00f6rigen der Einsatzkr\u00e4fte und nat\u00fcrlich die Feuerwehr als Organisation in ihrer Arbeit zu unterst\u00fctzen. Zweck, Aufgaben und Ziele des Vereins wurden im \u00a7 2 der Satzung verankert, welche durch das Amtsgericht 04275 Leipzig am 06.05.2019 best\u00e4tigt wurde. Durch das genannte Amtsgericht erfolgte zum gleichen Zeitpunkt die erstmalige Eintragung des Vereins in das Vereinsregister unter der Vereinsregister-Nummer VerR 6771.<\/p>\n\n\n\n<p>Die freiwillige Feuerwehr in Biesen gr\u00fcndete 2024 einen Feuerwehrf\u00f6rderverein. Damit man die Vereine besser auseinander halten kann haben wir unseren Namen und auch die Satzung angepasst.<\/p>\n\n\n\n<p>Der Zweck des Vereins ist die F\u00f6rderung der Heimatpflege und Heimatkunde und die  F\u00f6rderung des Sports. Der Satzungszweck wird insbesondere verwirklicht durch:<\/p>\n\n\n\n<ul class=\"wp-block-list\">\n<li>F\u00f6rderung von Ma\u00dfnahmen und Aktivit\u00e4ten, welche die Beziehungen aller B\u00fcrger des Ortsteils Biesen untereinander festigen und Verwirklichung einer lebendigen und aktiven, am Gemeinsinn orientierten Dorfgemeinschaft<\/li>\n\n\n\n<li>zur Versch\u00f6nerung des Ortsteil Biesen beizutragen, sowie das kulturelle Leben im Ort zu erhalten und weiter zu entwickeln<\/li>\n\n\n\n<li>Pflege und Entwicklung von Traditionen und d\u00f6rflichem Brauchtum<\/li>\n\n\n\n<li>Organisation und Durchf\u00fchrung kultureller Veranstaltungen in dem Ortsteil Biesen und damit verbunden Unterst\u00fctzung anderer Vereine<\/li>\n\n\n\n<li>F\u00f6rderung des Dialogs zwischen den Generationen<\/li>\n\n\n\n<li>Schaffung von M\u00f6glichkeiten zur sportlichen Bet\u00e4tigung und Organisation von Sportveranstaltungen<\/li>\n<\/ul>\n","protected":false},"excerpt":{"rendered":"<p>unsere Satzung werde Mitglied! unser Logo zum Download Herzlich willkommen auf der Internetseite vom Biesen e.V. Wir m\u00f6chten uns kurz vorstellen.Am 06.05.2019 gr\u00fcndeten wir den Feuerwehrverein Biesen e.V., um die Kameradinnen und Kameraden der Freiwilligen Feuerwehr Biesen sowie die Angeh\u00f6rigen der Einsatzkr\u00e4fte und nat\u00fcrlich die Feuerwehr als Organisation in ihrer Arbeit zu unterst\u00fctzen. Zweck, Aufgaben &hellip; <a href=\"https:\/\/biesen-ev.de\/?page_id=2\" class=\"more-link\"><span class=\"screen-reader-text\">\u00dcber uns<\/span> weiterlesen<\/a><\/p>\n","protected":false},"author":1,"featured_media":0,"parent":0,"menu_order":0,"comment_status":"closed","ping_status":"closed","template":"","meta":{"footnotes":""},"class_list":["post-2","page","type-page","status-publish","hentry"],"_links":{"self":[{"href":"https:\/\/biesen-ev.de\/index.php?rest_route=\/wp\/v2\/pages\/2","targetHints":{"allow":["GET"]}}],"collection":[{"href":"https:\/\/biesen-ev.de\/index.php?rest_route=\/wp\/v2\/pages"}],"about":[{"href":"https:\/\/biesen-ev.de\/index.php?rest_route=\/wp\/v2\/types\/page"}],"author":[{"embeddable":true,"href":"https:\/\/biesen-ev.de\/index.php?rest_route=\/wp\/v2\/users\/1"}],"replies":[{"embeddable":true,"href":"https:\/\/biesen-ev.de\/index.php?rest_route=%2Fwp%2Fv2%2Fcomments&post=2"}],"version-history":[{"count":8,"href":"https:\/\/biesen-ev.de\/index.php?rest_route=\/wp\/v2\/pages\/2\/revisions"}],"predecessor-version":[{"id":674,"href":"https:\/\/biesen-ev.de\/index.php?rest_route=\/wp\/v2\/pages\/2\/revisions\/674"}],"wp:attachment":[{"href":"https:\/\/biesen-ev.de\/index.php?rest_route=%2Fwp%2Fv2%2Fmedia&parent=2"}],"curies":[{"name":"wp","href":"https:\/\/api.w.org\/{rel}","templated":true}]}}