{"id":20,"date":"2025-06-13T10:39:07","date_gmt":"2025-06-13T10:39:07","guid":{"rendered":"https:\/\/biesen-ev.de\/?page_id=20"},"modified":"2025-06-13T10:39:07","modified_gmt":"2025-06-13T10:39:07","slug":"satzung-biesen-e-v-vom-01-04-2024","status":"publish","type":"page","link":"https:\/\/biesen-ev.de\/?page_id=20","title":{"rendered":"Satzung Biesen e.V. vom 01.04.2024"},"content":{"rendered":"\n<h2 class=\"wp-block-heading\">\u00a7 1 Name und Sitz des Vereins, Gesch\u00e4ftsjahr<\/h2>\n\n\n\n<ol class=\"wp-block-list\">\n<li>Der Verein f\u00fchrt den Namen Biesen e.V. Er ist in das Vereinsregister eingetragen und f\u00fchrt den Zusatz \u201ee.V.&#8220;.<\/li>\n\n\n\n<li>Der Verein hat seinen Sitz in Biesen.<\/li>\n\n\n\n<li>Das Gesch\u00e4ftsjahr ist das Kalenderjahr.<\/li>\n<\/ol>\n\n\n\n<h2 class=\"wp-block-heading\">\u00a7 2 Zweck, Gemeinn\u00fctzigkeit des Vereins<\/h2>\n\n\n\n<ol class=\"wp-block-list\">\n<li>Der Verein mit Sitz in Biesen verfolgt ausschlie\u00dflich und unmittelbar gemeinn\u00fctzige Zwecke im Sinne des Abschnitts \u201eSteuerbeg\u00fcnstigte Zwecke&#8220; der Abgabenordnung.<\/li>\n\n\n\n<li>Der Zweck des Vereins ist die F\u00f6rderung der Heimatpflege und Heimatkunde und die F\u00f6rderung des Sports. Der Satzungszweck wird insbesondere verwirklicht durch:<\/li>\n<\/ol>\n\n\n\n<ul class=\"wp-block-list\">\n<li>F\u00f6rderung von Ma\u00dfnahmen und Aktivit\u00e4ten, welche die Beziehungen aller B\u00fcrger des Ortsteils Biesen untereinander festigen und Verwirklichung einer lebendigen und aktiven, am Gemeinsinn orientierten Dorfgemeinschaft<\/li>\n\n\n\n<li>zur Versch\u00f6nerung des Ortsteil Biesen beizutragen, sowie das kulturelle Leben im Ort zu erhalten und weiter zu entwickeln<\/li>\n\n\n\n<li>Pflege und Entwicklung von Traditionen und d\u00f6rflichem Brauchtum<\/li>\n\n\n\n<li>Organisation und Durchf\u00fchrung kultureller Veranstaltungen in dem Ortsteil Biesen und damit verbunden Unterst\u00fctzung anderer Vereine<\/li>\n\n\n\n<li>F\u00f6rderung des Dialogs zwischen den Generationen<\/li>\n\n\n\n<li>Schaffung von M\u00f6glichkeiten zur sportlichen Bet\u00e4tigung und Organisation von Sport-Veranstaltungen<\/li>\n<\/ul>\n\n\n\n<ol class=\"wp-block-list\" start=\"3\">\n<li>Der Verein ist selbstlos t\u00e4tig; er verfolgt nicht in erster Linie eigenwirtschaftliche Zwecke.<\/li>\n\n\n\n<li>Die Mitglieder erhalten &#8211; mit Ausnahme des Aufwendungsersatzes &#8211; keine Zuwendungen aus Mitteln des Vereins. Der Aufwendungsersatz kann in Form des Auslagenersatzes (Erstattung tats\u00e4chlicher Aufwendungen gegen Vorlage von Belegen) oder in Form des pauschalen Aufwendungsersatzes (z.B. Ehrenamtspauschale) geleistet werden. Mittel des Vereins d\u00fcrfen nur f\u00fcr die satzungsm\u00e4\u00dfigen Zwecke verwendet werden. Ma\u00dfgeblich sind die Beschl\u00fcsse der Mitgliederversammlung, die steuerlichen Vorschriften und H\u00f6chstgrenzen sowie die finanzielle Leistungsf\u00e4higkeit des Vereins.<\/li>\n\n\n\n<li>Es darf keine Person durch Ausgaben, die dem Zweck des Vereins fremd sind, oder durch unverh\u00e4ltnism\u00e4\u00dfig hohe Verg\u00fctungen beg\u00fcnstigt werden.<\/li>\n<\/ol>\n\n\n\n<h2 class=\"wp-block-heading\">\u00a7 3 Erwerb der Mitgliedschaft<\/h2>\n\n\n\n<ol class=\"wp-block-list\">\n<li>Mitglied des Vereins kann jede (nat\u00fcrliche) Person werden.<\/li>\n\n\n\n<li>Die Aufnahme in den Verein ist schriftlich beim Vorstand zu beantragen. Bei Minder-j\u00e4hrigen ist der Aufnahmeantrag durch die gesetzlichen Vertreter zu stellen. Der Vorstand entscheidet \u00fcber den Aufnahmeantrag nach freiem Ermessen. Eine Ablehnung des Antrags muss er gegen\u00fcber dem Antragsteller nicht begr\u00fcnden.<\/li>\n\n\n\n<li>Auf Vorschlag des Vorstands kann die Mitgliederversammlung Mitglieder oder sonstige Personen, die sich um den Verein besonders verdient gemacht haben, zu Ehrenmitgliedern auf Lebenszeit ernennen.<\/li>\n<\/ol>\n\n\n\n<h2 class=\"wp-block-heading\">\u00a7 4 Beendigung der Mitgliedschaft<\/h2>\n\n\n\n<ol class=\"wp-block-list\">\n<li>Die Mitgliedschaft im Verein endet durch Tod, Austritt oder Ausschluss.<\/li>\n\n\n\n<li>Der Austritt ist schriftlich gegen\u00fcber dem Vorstand zu erkl\u00e4ren. Der Austritt kann nur mit einer Frist von drei Monaten zum Ende des Gesch\u00e4ftsjahres erkl\u00e4rt werden.<\/li>\n\n\n\n<li>Ein Mitglied kann durch Beschluss der Mitgliederversammlung aus dem Verein ausgeschlossen werden, wenn es<\/li>\n<\/ol>\n\n\n\n<ol class=\"wp-block-list\" style=\"list-style-type:lower-alpha\">\n<li>schuldhaft das Ansehen oder die Interessen des Vereins in schwerwiegender Weise sch\u00e4digt oder<\/li>\n\n\n\n<li>mehr als drei Monate mit der Zahlung seiner Aufnahmegeb\u00fchr oder seiner Mitgliedsbeitr\u00e4ge im R\u00fcckstand ist und trotz schriftlicher Mahnung unter Androhung des Ausschlusses die R\u00fcckst\u00e4nde nicht eingezahlt hat. Dem Mitglied ist Gelegenheit zu geben, in der Mitgliederversammlung zu den Gr\u00fcnden des Ausschlusses Stellung zu nehmen. Diese sind ihm mindestens zwei Wochen vorher mitzuteilen.<\/li>\n<\/ol>\n\n\n\n<h2 class=\"wp-block-heading\">\u00a7 5 Rechte und Pflichten der Mitglieder<\/h2>\n\n\n\n<ol class=\"wp-block-list\">\n<li>Jedes Mitglied hat das Recht an gemeinsamen Veranstaltungen teilzunehmen.<\/li>\n\n\n\n<li>Jedes Mitglied hat eine einfache Stimme und Wahlrecht in der Mitgliederversammlung mit pers\u00f6nlichem Stimmrecht.<\/li>\n\n\n\n<li>Jedes Mitglied hat die Pflicht, die Interessen des Vereins zu f\u00f6rdern, insbesondere regelm\u00e4\u00dfig seine Mitgliedsbeitr\u00e4ge zu leisten und, soweit es in seinen Kr\u00e4ften steht, das Vereinsleben durch seine Mitarbeit zu unterst\u00fctzen.<\/li>\n<\/ol>\n\n\n\n<h2 class=\"wp-block-heading\">\u00a7 6 Aufnahmegeb\u00fchr und Mitgliedsbeitr\u00e4ge<\/h2>\n\n\n\n<ol class=\"wp-block-list\">\n<li>Jedes Mitglied hat einen im Voraus f\u00e4llig werdenden Jahresmitgliedsbeitrag zu entrichten und ihn bis Ende M\u00e4rz zu bezahlen.<\/li>\n\n\n\n<li>Die H\u00f6he der Aufnahmegeb\u00fchr und der Mitgliedsbeitr\u00e4ge wird von der Mitglieder-versammlung festgelegt und in der Beitragsordnung niedergeschrieben.<\/li>\n\n\n\n<li>Ehrenmitglieder sind von der Aufnahmegeb\u00fchr und den Mitgliedsbeitr\u00e4gen befreit.<\/li>\n<\/ol>\n\n\n\n<h2 class=\"wp-block-heading\">\u00a7 7 Organe des Vereins<\/h2>\n\n\n\n<p>Organe des Vereins sind der Vorstand und die Mitgliederversammlung.<\/p>\n\n\n\n<h2 class=\"wp-block-heading\">\u00a7 8 Vorstand<\/h2>\n\n\n\n<ol class=\"wp-block-list\">\n<li>Der Vorstand besteht aus mindestens 3 Mitgliedern.<\/li>\n\n\n\n<li>Der Vorsitzende, sein Stellvertreter und der Kassenwart vertreten den Verein jeweils allein.<\/li>\n\n\n\n<li>Den Mitgliedern des Vorstands kann eine Verg\u00fctung gezahlt werden. \u00dcber die H\u00f6he der Verg\u00fctung entscheidet die Mitgliederversammlung.<\/li>\n<\/ol>\n\n\n\n<h2 class=\"wp-block-heading\">\u00a7 9 Aufgaben des Vorstands<\/h2>\n\n\n\n<p>Dem Vorstand des Vereins obliegt die Vertretung des Vereins nach \u00a7 26 BGB und die F\u00fchrung seiner Gesch\u00e4fte. Er hat insbesondere folgende Aufgaben:<\/p>\n\n\n\n<ol class=\"wp-block-list\" style=\"list-style-type:lower-alpha\">\n<li>die Einberufung und Vorbereitung der Mitgliederversammlungen einschlie\u00dflich der<\/li>\n\n\n\n<li>Aufstellung der Tagesordnung,<\/li>\n\n\n\n<li>die Ausf\u00fchrung von Beschl\u00fcssen der Mitgliederversammlung,<\/li>\n\n\n\n<li>die Verwaltung des Vereinsverm\u00f6gens und die Anfertigung des Jahresberichts,<\/li>\n\n\n\n<li>die Aufnahme neuer Mitglieder.<\/li>\n<\/ol>\n\n\n\n<h2 class=\"wp-block-heading\">\u00a7 10 Bestellung des Vorstands<\/h2>\n\n\n\n<ol class=\"wp-block-list\">\n<li>Die Mitglieder des Vorstands werden von der Mitgliederversammlung f\u00fcr die Dauer von zwei Jahren einzeln gew\u00e4hlt. Mitglieder des Vorstands k\u00f6nnen nur Mitglieder des Vereins sein; mit der Mitgliedschaft im Verein endet auch die Mitgliedschaft im Vorstand. Die Wiederwahl oder die vorzeitige Abberufung eines Mitglieds durch die Mitgliederversammlung ist zul\u00e4ssig. Ein Mitglied bleibt nach Ablauf der regul\u00e4ren Amtszeit bis zur Wahl seines Nachfolgers im Amt.<\/li>\n\n\n\n<li>Scheidet ein Mitglied vorzeitig aus dem Vorstand aus, so sind die verbleibenden Mitglieder des Vorstands berechtigt, ein Mitglied des Vereins bis zur n\u00e4chsten ordentlichen Wahl als Nachfolger im Vorstand kommissarisch nachbesetzen.<\/li>\n<\/ol>\n\n\n\n<h2 class=\"wp-block-heading\">\u00a7 11 Beratung und Beschlussfassung des Vorstands<\/h2>\n\n\n\n<ol class=\"wp-block-list\">\n<li>Der Vorstand tritt nach Bedarf zusammen. Die Sitzungen werden vom Vorsitzenden, bei dessen Verhinderung von seinem Stellvertreter, einberufen. Eine Einberufungsfrist von einer Woche soll eingehalten werden. Der Vorstand ist beschlussf\u00e4hig, wenn mindestens zwei Mitglieder anwesend sind. Bei der Beschlussfassung entscheidet die Mehrheit der abgegebenen g\u00fcltigen Stimmen. Eine Beschlussfassung im Umlaufbeschluss (per Email) ist zul\u00e4ssig. Bei Stimmengleichheit entscheidet die Stimme des Vorsitzenden, bei dessen Verhinderung die seines Stellvertreters.<\/li>\n\n\n\n<li>Die Beschl\u00fcsse des Vorstands sind zu protokollieren. Das Protokoll ist vom Protokollf\u00fchrer sowie vom Vorsitzenden, bei dessen Verhinderung von seinem Stellvertreter oder einem anderen Mitglied des Vorstands zu unterschreiben.<\/li>\n<\/ol>\n\n\n\n<p>(3) Der Vorstand darf beratende Mitglieder bzw. Experten hinzuziehen.<\/p>\n\n\n\n<h2 class=\"wp-block-heading\">\u00a7 12 Aufgaben der Mitgliederversammlung<\/h2>\n\n\n\n<p>Die Mitgliederversammlung ist zust\u00e4ndig f\u00fcr die Entscheidungen in folgenden Angelegenheiten:<\/p>\n\n\n\n<ol class=\"wp-block-list\" style=\"list-style-type:lower-alpha\">\n<li>\u00c4nderungen der Satzung,<\/li>\n\n\n\n<li>die Festsetzung der Aufnahmegeb\u00fchr und der Mitgliedsbeitr\u00e4ge,<\/li>\n\n\n\n<li>die Ernennung von Ehrenmitgliedern sowie der Ausschluss von Mitgliedern aus dem Verein,<\/li>\n\n\n\n<li>die Wahl und die Abberufung der Mitglieder des Vorstands,<\/li>\n\n\n\n<li>die Wahl eines Kassenpr\u00fcfers,<\/li>\n\n\n\n<li>die Entgegennahme des Jahresberichts und die Entlastung des Vorstands,<\/li>\n\n\n\n<li>die Aufl\u00f6sung des Vereins.<\/li>\n<\/ol>\n\n\n\n<h2 class=\"wp-block-heading\">\u00a7 13 Einberufung der Mitgliederversammlung<\/h2>\n\n\n\n<ol class=\"wp-block-list\">\n<li>Mindestens einmal im Jahr, m\u00f6glichst im ersten Quartal, ist vom Vorstand eine ordentliche Mitgliederversammlung einzuberufen. Die Einberufung erfolgt schriftlich (auch elektronisch) unter Einhaltung einer Frist von zwei Wochen und unter Angabe der Tagesordnung.<\/li>\n\n\n\n<li>Die Tagesordnung setzt der Vorstand fest. Jedes Vereinsmitglied kann bis sp\u00e4testens eine Woche vor der Mitgliederversammlung beim Vorstand schriftlich eine Erg\u00e4nzung der Tagesordnung beantragen. \u00dcber den Antrag entscheidet der Vorstand. \u00dcber Antr\u00e4ge zur Tagesordnung, die vom Vorstand nicht aufgenommen wurden oder die erstmals in der Mitgliederversammlung gestellt werden, entscheidet die Mitgliederversammlung mit der Mehrheit der abgegebenen g\u00fcltigen Stimmen der anwesenden Mitglieder, dies gilt nicht f\u00fcr Antr\u00e4ge, die eine \u00c4nderung der Satzung, \u00c4nderungen der Mitgliedsbeitr\u00e4ge oder die Aufl\u00f6sung des Vereins zum Gegenstand haben.<\/li>\n\n\n\n<li>Der Vorstand hat eine au\u00dferordentliche Mitgliederversammlung einzuberufen, wenn es das Interesse des Vereins erfordert oder wenn mindestens ein Zehntel der Mitglieder dies schriftlich unter Angabe des Zwecks und der Gr\u00fcnde beantragt.<\/li>\n<\/ol>\n\n\n\n<h2 class=\"wp-block-heading\">\u00a7 14 Beschlussfassung der Mitgliederversammlung<\/h2>\n\n\n\n<ol class=\"wp-block-list\">\n<li>Die Mitgliederversammlung wird vom Vorsitzenden des Vorstands, bei dessen Verhinderung von seinem Stellvertreter und bei dessen Verhinderung von einem durch die Mitgliederversammlung zu w\u00e4hlenden Versammlungsleiter geleitet.<\/li>\n\n\n\n<li>Die Mitgliederversammlung ist beschlussf\u00e4hig, wenn mindestens 33% aller Vereinsmitglieder anwesend ist. Bei Beschlussunf\u00e4higkeit ist der Vorstand verpflichtet, innerhalb von vier Wochen eine zweite Mitgliederversammlung mit der gleichen Tagesordnung einzuberufen. Diese ist ohne R\u00fccksicht auf die Zahl der erschienenen Mitglieder beschlussf\u00e4hig. Hierauf ist in der Einladung hinzuweisen.<\/li>\n\n\n\n<li>Die Mitgliederversammlung beschlie\u00dft in offener Abstimmung mit der Mehrheit der abgebenden g\u00fcltigen Stimmen der anwesenden Mitglieder. Kann bei Wahlen kein Kandidat die Mehrheit der abgebenden g\u00fcltigen Stimmen der anwesenden Mitglieder auf sich vereinen, ist zwischen mehreren Kandidaten eine Stichwahl durchzuf\u00fchren. Beschl\u00fcsse \u00fcber eine \u00c4nderung der Satzung oder die Aufl\u00f6sung des Vereins bed\u00fcrfen der Mehrheit von drei Vierteln, der Beschluss \u00fcber die \u00c4nderung des Zwecks bedarf ebenfalls drei Viertel aller Mitglieder und kann von den nichtanwesenden Mitgliedern schriftlich eingeholt werden.<\/li>\n\n\n\n<li>Im Falle von notwendigen Entscheidungen, die nicht bis zur n\u00e4chsten Mitglieder-versammlung warten k\u00f6nnen, wird zus\u00e4tzlich die M\u00f6glichkeit der elektronischen Abstimmung per Umfrage einger\u00e4umt. Eine elektronische Beschlussfassung ist mit einfacher Mehrheit m\u00f6glich, muss jedoch von 33% der Mitglieder beantwortet worden sein. Zur Beantwortung der Umfrage muss eine Frist mit Datum und Uhrzeit angek\u00fcndigt werden.<\/li>\n\n\n\n<li>\u00dcber den Ablauf der Mitgliederversammlung und die gefassten Beschl\u00fcsse ist ein Protokoll zu fertigen, das vom Protokollf\u00fchrer und vom Versammlungsleiter zu unterschreiben ist.<\/li>\n<\/ol>\n\n\n\n<h2 class=\"wp-block-heading\">\u00a7 15 Aufl\u00f6sung des Vereins, Beendigung aus anderen Gr\u00fcnden, Wegfall steuerbeg\u00fcnstigter Zwecke<\/h2>\n\n\n\n<ol class=\"wp-block-list\">\n<li>Im Falle der Aufl\u00f6sung des Vereins sind der Vorsitzende des Vorstands und sein Stellvertreter gemeinsam vertretungsberechtigte Liquidatoren, falls die Mitgliederversammlung keine anderen Personen beruft.<\/li>\n\n\n\n<li>Bei Aufl\u00f6sung oder Aufhebung des Vereins oder bei Wegfall steuerbeg\u00fcnstigter<\/li>\n<\/ol>\n\n\n\n<p>Zwecke f\u00e4llt das Verm\u00f6gen des Vereins an:<\/p>\n\n\n\n<p>Volkssolidarit\u00e4t KV Nordsachsen e.V.<\/p>\n\n\n\n<p>Kinder- und Jugendheim<\/p>\n\n\n\n<p>04519 Rackwitz OT Biesen<\/p>\n\n\n\n<p>die es unmittelbar und ausschlie\u00dflich f\u00fcr gemeinn\u00fctzige Zwecke zu verwenden hat.<\/p>\n","protected":false},"excerpt":{"rendered":"<p>\u00a7 1 Name und Sitz des Vereins, Gesch\u00e4ftsjahr \u00a7 2 Zweck, Gemeinn\u00fctzigkeit des Vereins \u00a7 3 Erwerb der Mitgliedschaft \u00a7 4 Beendigung der Mitgliedschaft \u00a7 5 Rechte und Pflichten der Mitglieder \u00a7 6 Aufnahmegeb\u00fchr und Mitgliedsbeitr\u00e4ge \u00a7 7 Organe des Vereins Organe des Vereins sind der Vorstand und die Mitgliederversammlung. \u00a7 8 Vorstand \u00a7 9 &hellip; <a href=\"https:\/\/biesen-ev.de\/?page_id=20\" class=\"more-link\"><span class=\"screen-reader-text\">Satzung Biesen e.V. vom 01.04.2024<\/span> weiterlesen<\/a><\/p>\n","protected":false},"author":2,"featured_media":0,"parent":2,"menu_order":0,"comment_status":"closed","ping_status":"closed","template":"","meta":{"footnotes":""},"class_list":["post-20","page","type-page","status-publish","hentry"],"_links":{"self":[{"href":"https:\/\/biesen-ev.de\/index.php?rest_route=\/wp\/v2\/pages\/20","targetHints":{"allow":["GET"]}}],"collection":[{"href":"https:\/\/biesen-ev.de\/index.php?rest_route=\/wp\/v2\/pages"}],"about":[{"href":"https:\/\/biesen-ev.de\/index.php?rest_route=\/wp\/v2\/types\/page"}],"author":[{"embeddable":true,"href":"https:\/\/biesen-ev.de\/index.php?rest_route=\/wp\/v2\/users\/2"}],"replies":[{"embeddable":true,"href":"https:\/\/biesen-ev.de\/index.php?rest_route=%2Fwp%2Fv2%2Fcomments&post=20"}],"version-history":[{"count":1,"href":"https:\/\/biesen-ev.de\/index.php?rest_route=\/wp\/v2\/pages\/20\/revisions"}],"predecessor-version":[{"id":21,"href":"https:\/\/biesen-ev.de\/index.php?rest_route=\/wp\/v2\/pages\/20\/revisions\/21"}],"up":[{"embeddable":true,"href":"https:\/\/biesen-ev.de\/index.php?rest_route=\/wp\/v2\/pages\/2"}],"wp:attachment":[{"href":"https:\/\/biesen-ev.de\/index.php?rest_route=%2Fwp%2Fv2%2Fmedia&parent=20"}],"curies":[{"name":"wp","href":"https:\/\/api.w.org\/{rel}","templated":true}]}}