{"id":439,"date":"2025-05-20T06:16:59","date_gmt":"2025-05-20T06:16:59","guid":{"rendered":"https:\/\/biesen-ev.de\/?page_id=439"},"modified":"2025-05-20T18:04:51","modified_gmt":"2025-05-20T18:04:51","slug":"impressum","status":"publish","type":"page","link":"https:\/\/biesen-ev.de\/?page_id=439","title":{"rendered":"Impressum, Kontakt"},"content":{"rendered":"\n<pre class=\"wp-block-preformatted\"><strong>Biesen e.V.<br>F. E. von Busse Stra\u00dfe 2<br>04519 Rackwitz<\/strong><br> <br>Telefon: +49 (0)1522\/7514158<br>E-Mail: info@biesen-ev.de<br> <br>Gemeinschaftlich vertretungsberechtigt:<br>1. Vorsitzende:<br>Conny Erth<br>F. E. von Busse Stra\u00dfe 2<br>04519 Rackwitz<br> <br>E-Mail: conny.erth@biesen-ev.de<br> <br>2. Vorsitzender:<br>Bernd G\u00f6ppner<br>Kreumaer Stra\u00dfe 4<br>04519 Rackwitz<br> <br>E-Mail: bernd.goeppner@biesen-ev.de<br> <br>Registergericht: Amtsgericht Leipzig<br>Registernummer: VR 6771<br> <br>Umsatzsteuer-Identifikationsnummer:<br>237\/143\/04623<br> <br>V.i.S.d \u00a7 18 Abs. 2 MStV<br>Conny Erth<br>F. E. von Busse Stra\u00dfe 2<br>04519 Rackwitz<\/pre>\n\n\n\n<p><\/p>\n","protected":false},"excerpt":{"rendered":"<p>Biesen e.V.F. E. von Busse Stra\u00dfe 204519 Rackwitz Telefon: +49 (0)1522\/7514158E-Mail: info@biesen-ev.de Gemeinschaftlich vertretungsberechtigt:1. Vorsitzende:Conny ErthF. E. von Busse Stra\u00dfe 204519 Rackwitz E-Mail: conny.erth@biesen-ev.de 2. Vorsitzender:Bernd G\u00f6ppnerKreumaer Stra\u00dfe 404519 Rackwitz E-Mail: bernd.goeppner@biesen-ev.de Registergericht: Amtsgericht LeipzigRegisternummer: VR 6771 Umsatzsteuer-Identifikationsnummer:237\/143\/04623 V.i.S.d \u00a7 18 Abs. 2 MStVConny ErthF. E. von Busse Stra\u00dfe 204519 Rackwitz<\/p>\n","protected":false},"author":1,"featured_media":0,"parent":0,"menu_order":0,"comment_status":"closed","ping_status":"closed","template":"","meta":{"footnotes":""},"class_list":["post-439","page","type-page","status-publish","hentry"],"_links":{"self":[{"href":"https:\/\/biesen-ev.de\/index.php?rest_route=\/wp\/v2\/pages\/439","targetHints":{"allow":["GET"]}}],"collection":[{"href":"https:\/\/biesen-ev.de\/index.php?rest_route=\/wp\/v2\/pages"}],"about":[{"href":"https:\/\/biesen-ev.de\/index.php?rest_route=\/wp\/v2\/types\/page"}],"author":[{"embeddable":true,"href":"https:\/\/biesen-ev.de\/index.php?rest_route=\/wp\/v2\/users\/1"}],"replies":[{"embeddable":true,"href":"https:\/\/biesen-ev.de\/index.php?rest_route=%2Fwp%2Fv2%2Fcomments&post=439"}],"version-history":[{"count":5,"href":"https:\/\/biesen-ev.de\/index.php?rest_route=\/wp\/v2\/pages\/439\/revisions"}],"predecessor-version":[{"id":495,"href":"https:\/\/biesen-ev.de\/index.php?rest_route=\/wp\/v2\/pages\/439\/revisions\/495"}],"wp:attachment":[{"href":"https:\/\/biesen-ev.de\/index.php?rest_route=%2Fwp%2Fv2%2Fmedia&parent=439"}],"curies":[{"name":"wp","href":"https:\/\/api.w.org\/{rel}","templated":true}]}}